{"id":9790,"date":"2019-11-15T10:33:28","date_gmt":"2019-11-15T09:33:28","guid":{"rendered":"http:\/\/qs.alfotec.com\/unternehmen\/karriere\/"},"modified":"2020-05-20T14:44:08","modified_gmt":"2020-05-20T12:44:08","slug":"career","status":"publish","type":"page","link":"https:\/\/www.alfotec.com\/en\/company\/career\/","title":{"rendered":"Career"},"content":{"rendered":"<div id='layer_slider_1'  class='avia-layerslider main_color avia-shadow  avia-builder-el-0  el_before_av_section  avia-builder-el-first  container_wrap fullsize'  style='height: 401px;'  ><\/div>\n<div id='av_section_1'  class='avia-section av-4wep98-c2049c62e3398f3a0e53693316eded54 main_color avia-section-huge avia-no-border-styling  avia-builder-el-1  el_after_av_layerslider  el_before_av_section  avia-bg-style-scroll container_wrap fullsize'  ><div class='container av-section-cont-open' ><div class='template-page content  av-content-full alpha units'><div class='post-entry post-entry-type-page post-entry-9790'><div class='entry-content-wrapper clearfix'>\n\n<style type=\"text\/css\" data-created_by=\"avia_inline_auto\" id=\"style-css-av-4sekzg-06b3f94e87dec3c61b97b884ccb02ef8\">\n.flex_column.av-4sekzg-06b3f94e87dec3c61b97b884ccb02ef8{\nborder-radius:0px 0px 0px 0px;\npadding:0px 0px 0px 0px;\n}\n<\/style>\n<div  class='flex_column av-4sekzg-06b3f94e87dec3c61b97b884ccb02ef8 av_one_full  avia-builder-el-2  avia-builder-el-no-sibling  first av-break-at-tablet flex_column_div av-zero-column-padding  '     ><section  class='av_textblock_section av-k2zya9ae-39fa4e81651a19366c5dc3c99a9713b0 '   itemscope=\"itemscope\" itemtype=\"https:\/\/schema.org\/CreativeWork\" ><div class='avia_textblock'  itemprop=\"text\" ><h1 class=\"headline1\" style=\"text-align: center;\"><span style=\"font-family: roboto;\">We promote your career<br \/>\n<\/span><\/h1>\n<h3 style=\"text-align: center;\"><span style=\"font-family: roboto; color: #0d9490;\">Our vacancies<\/span><\/h3>\n<\/div><\/section><br \/>\n<section  class='av_textblock_section av-48mhyc-55c94c1d9b0d8c2d06a5638f43d01640 '   itemscope=\"itemscope\" itemtype=\"https:\/\/schema.org\/CreativeWork\" ><div class='avia_textblock'  itemprop=\"text\" ><p style=\"text-align: center;\">The family business ALFOTEC, based in Wermelskirchen, is one of Europe&#8217;s leading suppliers of durable conveying elements and individual conveying systems for internal material transport. ALFOTEC is successful in Western and Central Europe with this range of products, which is supplemented by comprehensive customer-oriented services.<\/p>\n<\/div><\/section><\/p><\/div>\n\n<\/div><\/div><\/div><!-- close content main div --><\/div><\/div><div id='av_section_2'  class='avia-section av-90ivr-c70fef92307171ee7098964718d44adb alternate_color avia-section-default avia-no-border-styling  avia-builder-el-5  el_after_av_section  el_before_av_postcontent  unternehmen-wrapper av-center-align-columns avia-bg-style-scroll container_wrap fullsize'  ><div class='container av-section-cont-open' ><div class='template-page content  av-content-full alpha units'><div class='post-entry post-entry-type-page post-entry-9790'><div class='entry-content-wrapper clearfix'>\n\n<style type=\"text\/css\" data-created_by=\"avia_inline_auto\" id=\"style-css-av-e7fis-154e0ce11eafd45522656f0ecb428022\">\n.flex_column.av-e7fis-154e0ce11eafd45522656f0ecb428022{\nborder-radius:0px 0px 0px 0px;\npadding:0px 0px 0px 0px;\n}\n<\/style>\n<div  class='flex_column av-e7fis-154e0ce11eafd45522656f0ecb428022 av_one_full  avia-builder-el-6  el_before_av_one_half  avia-builder-el-first  first av-break-at-tablet flex_column_div av-zero-column-padding  '     ><section  class='av_textblock_section av-k2zya9ae-39fa4e81651a19366c5dc3c99a9713b0 '   itemscope=\"itemscope\" itemtype=\"https:\/\/schema.org\/CreativeWork\" ><div class='avia_textblock'  itemprop=\"text\" ><h1 class=\"headline1\" style=\"text-align: center;\"><span style=\"font-family: roboto;\">Current vacancies<\/span><\/h1>\n<h3 style=\"text-align: center;\"><span style=\"font-family: roboto; color: #0d9490;\">Apply now<br \/>\n<\/span><\/h3>\n<\/div><\/section><\/div>\n<style type=\"text\/css\" data-created_by=\"avia_inline_auto\" id=\"style-css-av-1yr6bb-712ac936f2867f2eb1cd276b343c105a\">\n.flex_column.av-1yr6bb-712ac936f2867f2eb1cd276b343c105a{\nborder-radius:0px 0px 0px 0px;\npadding:0px 0px 0px 0px;\n}\n<\/style>\n<div  class='flex_column av-1yr6bb-712ac936f2867f2eb1cd276b343c105a av_one_half  avia-builder-el-8  el_after_av_one_full  el_before_av_one_half  stellenangebote standort-summary first av-break-at-tablet flex_column_div av-zero-column-padding  column-top-margin'     ><p>\n<style type=\"text\/css\" data-created_by=\"avia_inline_auto\" id=\"style-css-av-k7evnbhz-fc2da7a6ee645afbb71053e511f06e3d\">\n.avia-image-container.av-k7evnbhz-fc2da7a6ee645afbb71053e511f06e3d img.avia_image{\nbox-shadow:none;\n}\n.avia-image-container.av-k7evnbhz-fc2da7a6ee645afbb71053e511f06e3d .av-image-caption-overlay-center{\ncolor:#ffffff;\n}\n<\/style>\n<div  class='avia-image-container av-k7evnbhz-fc2da7a6ee645afbb71053e511f06e3d av-styling- av-img-linked avia-align-center  avia-builder-el-9  el_before_av_textblock  avia-builder-el-first '   itemprop=\"image\" itemscope=\"itemscope\" itemtype=\"https:\/\/schema.org\/ImageObject\" ><div class=\"avia-image-container-inner\"><div class=\"avia-image-overlay-wrap\"><a href=\"https:\/\/www.alfotec.com\/unternehmen\/alfotec-gmbh\/\" class='avia_image '  aria-label='alfotec_werk_zentrale'><img decoding=\"async\" fetchpriority=\"high\" class='wp-image-1844 avia-img-lazy-loading-not-1844 avia_image ' src=\"https:\/\/www.alfotec.com\/wp-content\/uploads\/2019\/11\/alfotec_werk_zentrale.jpg\" alt='alfotec unternehmensgeb\u00e4ude von au\u00df\u00e9n' title='alfotec_werk_zentrale'  height=\"309\" width=\"750\"  itemprop=\"thumbnailUrl\" srcset=\"https:\/\/www.alfotec.com\/wp-content\/uploads\/2019\/11\/alfotec_werk_zentrale.jpg 750w, https:\/\/www.alfotec.com\/wp-content\/uploads\/2019\/11\/alfotec_werk_zentrale-300x124.jpg 300w, https:\/\/www.alfotec.com\/wp-content\/uploads\/2019\/11\/alfotec_werk_zentrale-705x290.jpg 705w\" sizes=\"(max-width: 750px) 100vw, 750px\" \/><\/a><\/div><\/div><\/div><br \/>\n<section  class='av_textblock_section av-k2x1zw3l-952dcf24c22d0e18414e745265e676d7 '   itemscope=\"itemscope\" itemtype=\"https:\/\/schema.org\/CreativeWork\" ><div class='avia_textblock'  itemprop=\"text\" ><h4><a href=\"\/en\/company\/alfotec-gmbh\/\">ALFOTEC GmbH<br \/>\n<span class=\"light\" style=\"color: #0d9490;\">Sales &amp; administration<\/span><\/a><\/h4>\n<\/div><\/section><br \/>\n<article  class='iconbox iconbox_left_content av-39qmj8-03403a9281cff957f26c3c08bc6fc917  avia-builder-el-11  el_after_av_textblock  el_before_av_icon_box '  itemscope=\"itemscope\" itemtype=\"https:\/\/schema.org\/CreativeWork\" ><a href='https:\/\/www.alfotec.com\/en\/company\/career\/project-manager-m-w-d\/' title='Project manager (m\/w\/d)' aria-label='Project manager (m\/w\/d)'  class='iconbox_icon heading-color avia-iconfont avia-font-entypo-fontello' data-av_icon='\ue80c' data-av_iconfont='entypo-fontello' title=\"Project manager (m\/w\/d)\" desc=\"Project manager (m\/w\/d)\" ><\/a><div class=\"iconbox_content\"><header class=\"entry-content-header\" aria-label=\"Icon: Project manager (m\/w\/d)\"><h3 class='iconbox_content_title '  itemprop=\"headline\" ><a href='https:\/\/www.alfotec.com\/en\/company\/career\/project-manager-m-w-d\/' title='Project manager (m\/w\/d)' >Project manager (m\/w\/d)<\/a><\/h3><\/header><div class='iconbox_content_container '  itemprop=\"text\" ><p>as of now<\/p>\n<\/div><\/div><footer class=\"entry-footer\"><\/footer><\/article><br \/>\n<article  class='iconbox iconbox_left_content av-39qmj8-df87dc38be262ee79865015b83048ee5  avia-builder-el-12  el_after_av_icon_box  avia-builder-el-last '  itemscope=\"itemscope\" itemtype=\"https:\/\/schema.org\/CreativeWork\" ><a href='https:\/\/www.alfotec.com\/en\/company\/career\/field-service-manager-m-f-d\/' title='Field service manager (m\/w\/d)' aria-label='Field service manager (m\/w\/d)'  class='iconbox_icon heading-color avia-iconfont avia-font-entypo-fontello' data-av_icon='\ue80c' data-av_iconfont='entypo-fontello' title=\"Field service manager (m\/w\/d)\" desc=\"Field service manager (m\/w\/d)\" ><\/a><div class=\"iconbox_content\"><header class=\"entry-content-header\" aria-label=\"Icon: Field service manager (m\/w\/d)\"><h3 class='iconbox_content_title '  itemprop=\"headline\" ><a href='https:\/\/www.alfotec.com\/en\/company\/career\/field-service-manager-m-f-d\/' title='Field service manager (m\/w\/d)' >Field service manager (m\/w\/d)<\/a><\/h3><\/header><div class='iconbox_content_container '  itemprop=\"text\" ><p>as of now<\/p>\n<\/div><\/div><footer class=\"entry-footer\"><\/footer><\/article><\/p><\/div>\n<style type=\"text\/css\" data-created_by=\"avia_inline_auto\" id=\"style-css-av-1yr6bb-1e884a2065814a5edda5d87758338702\">\n.flex_column.av-1yr6bb-1e884a2065814a5edda5d87758338702{\nborder-radius:0px 0px 0px 0px;\npadding:0px 0px 0px 0px;\n}\n<\/style>\n<div  class='flex_column av-1yr6bb-1e884a2065814a5edda5d87758338702 av_one_half  avia-builder-el-13  el_after_av_one_half  el_before_av_one_half  standort-summary stellenangebote av-break-at-tablet flex_column_div av-zero-column-padding  column-top-margin'     ><p>\n<style type=\"text\/css\" data-created_by=\"avia_inline_auto\" id=\"style-css-av-k2x52m9s-7ea07131fe33a157b6a7ecc9249859c3\">\n.avia-image-container.av-k2x52m9s-7ea07131fe33a157b6a7ecc9249859c3 img.avia_image{\nbox-shadow:none;\n}\n.avia-image-container.av-k2x52m9s-7ea07131fe33a157b6a7ecc9249859c3 .av-image-caption-overlay-center{\ncolor:#ffffff;\n}\n<\/style>\n<div  class='avia-image-container av-k2x52m9s-7ea07131fe33a157b6a7ecc9249859c3 av-styling- av-img-linked avia-align-center  avia-builder-el-14  el_before_av_textblock  avia-builder-el-first '   itemprop=\"image\" itemscope=\"itemscope\" itemtype=\"https:\/\/schema.org\/ImageObject\" ><div class=\"avia-image-container-inner\"><div class=\"avia-image-overlay-wrap\"><a href=\"https:\/\/www.alfotec.com\/unternehmen\/alfotec-happel-fey-gmbh\/\" class='avia_image '  aria-label='alfotec_werk_team_happelfey'><img decoding=\"async\" fetchpriority=\"high\" class='wp-image-1872 avia-img-lazy-loading-not-1872 avia_image ' src=\"https:\/\/www.alfotec.com\/wp-content\/uploads\/2019\/11\/alfotec_werk_team_happelfey.jpg\" alt='Alfotec Werk Happelfey' title='alfotec_werk_team_happelfey'  height=\"310\" width=\"750\"  itemprop=\"thumbnailUrl\" srcset=\"https:\/\/www.alfotec.com\/wp-content\/uploads\/2019\/11\/alfotec_werk_team_happelfey.jpg 750w, https:\/\/www.alfotec.com\/wp-content\/uploads\/2019\/11\/alfotec_werk_team_happelfey-300x124.jpg 300w, https:\/\/www.alfotec.com\/wp-content\/uploads\/2019\/11\/alfotec_werk_team_happelfey-705x291.jpg 705w\" sizes=\"(max-width: 750px) 100vw, 750px\" \/><\/a><\/div><\/div><\/div><br \/>\n<section  class='av_textblock_section av-k2x1zw3l-952dcf24c22d0e18414e745265e676d7 '   itemscope=\"itemscope\" itemtype=\"https:\/\/schema.org\/CreativeWork\" ><div class='avia_textblock'  itemprop=\"text\" ><h4><a href=\"\/en\/company\/alfotec-happel-fey-gmbh\/\">ALFOTEC Happel + Fey GmbH<br \/>\n<span class=\"light\" style=\"color: #0d9490;\">Production &amp; development<\/span><\/a><\/h4>\n<\/div><\/section><br \/>\n<article  class='iconbox iconbox_left_content av-39qmj8-a77d610648e5e7860e13e04b2aa101e2  avia-builder-el-16  el_after_av_textblock  avia-builder-el-last '  itemscope=\"itemscope\" itemtype=\"https:\/\/schema.org\/CreativeWork\" ><a href='https:\/\/www.alfotec.com\/en\/company\/career\/industrial-mechanic-mechanical-and-plant-engineering\/' title='Industrial mechanic mechanical and plant engineering (m\/w\/d)' aria-label='Industrial mechanic mechanical and plant engineering (m\/w\/d)'  class='iconbox_icon heading-color avia-iconfont avia-font-entypo-fontello' data-av_icon='\ue80c' data-av_iconfont='entypo-fontello' title=\"Industrial mechanic mechanical and plant engineering (m\/w\/d)\" desc=\"Industrial mechanic mechanical and plant engineering (m\/w\/d)\" ><\/a><div class=\"iconbox_content\"><header class=\"entry-content-header\" aria-label=\"Icon: Industrial mechanic mechanical and plant engineering (m\/w\/d)\"><h3 class='iconbox_content_title '  itemprop=\"headline\" ><a href='https:\/\/www.alfotec.com\/en\/company\/career\/industrial-mechanic-mechanical-and-plant-engineering\/' title='Industrial mechanic mechanical and plant engineering (m\/w\/d)' >Industrial mechanic mechanical and plant engineering (m\/w\/d)<\/a><\/h3><\/header><div class='iconbox_content_container '  itemprop=\"text\" ><p>Education as of 01.08.2020<\/p>\n<\/div><\/div><footer class=\"entry-footer\"><\/footer><\/article><\/p><\/div>\n<style type=\"text\/css\" data-created_by=\"avia_inline_auto\" id=\"style-css-av-1yr6bb-38d343fb87c9952e61b498263627029c\">\n.flex_column.av-1yr6bb-38d343fb87c9952e61b498263627029c{\nborder-radius:0px 0px 0px 0px;\npadding:0px 0px 0px 0px;\n}\n<\/style>\n<div  class='flex_column av-1yr6bb-38d343fb87c9952e61b498263627029c av_one_half  avia-builder-el-17  el_after_av_one_half  el_before_av_one_half  standort-summary stellenangebote first av-break-at-tablet flex_column_div av-zero-column-padding  column-top-margin'     ><p>\n<style type=\"text\/css\" data-created_by=\"avia_inline_auto\" id=\"style-css-av-k2x52m9s-08fd2095ce49bf7a53797aaa1ba5e27f\">\n.avia-image-container.av-k2x52m9s-08fd2095ce49bf7a53797aaa1ba5e27f img.avia_image{\nbox-shadow:none;\n}\n.avia-image-container.av-k2x52m9s-08fd2095ce49bf7a53797aaa1ba5e27f .av-image-caption-overlay-center{\ncolor:#ffffff;\n}\n<\/style>\n<div  class='avia-image-container av-k2x52m9s-08fd2095ce49bf7a53797aaa1ba5e27f av-styling- av-img-linked avia-align-center  avia-builder-el-18  el_before_av_textblock  avia-builder-el-first '   itemprop=\"image\" itemscope=\"itemscope\" itemtype=\"https:\/\/schema.org\/ImageObject\" ><div class=\"avia-image-container-inner\"><div class=\"avia-image-overlay-wrap\"><a href=\"https:\/\/www.alfotec.com\/unternehmen\/alfotec-sachsen-gmbh\/\" class='avia_image '  aria-label='alfotec_werk_sachsen'><img decoding=\"async\" fetchpriority=\"high\" class='wp-image-1899 avia-img-lazy-loading-not-1899 avia_image ' src=\"https:\/\/www.alfotec.com\/wp-content\/uploads\/2019\/11\/alfotec_werk_sachsen.jpg\" alt='Alfotec Werk Sachsen' title='alfotec_werk_sachsen'  height=\"310\" width=\"750\"  itemprop=\"thumbnailUrl\" srcset=\"https:\/\/www.alfotec.com\/wp-content\/uploads\/2019\/11\/alfotec_werk_sachsen.jpg 750w, https:\/\/www.alfotec.com\/wp-content\/uploads\/2019\/11\/alfotec_werk_sachsen-300x124.jpg 300w, https:\/\/www.alfotec.com\/wp-content\/uploads\/2019\/11\/alfotec_werk_sachsen-705x291.jpg 705w\" sizes=\"(max-width: 750px) 100vw, 750px\" \/><\/a><\/div><\/div><\/div><br \/>\n<section  class='av_textblock_section av-k2x1zw3l-952dcf24c22d0e18414e745265e676d7 '   itemscope=\"itemscope\" itemtype=\"https:\/\/schema.org\/CreativeWork\" ><div class='avia_textblock'  itemprop=\"text\" ><h4><a href=\"\/en\/company\/alfotec-sachsen-gmbh\/\">ALFOTEC Sachsen GmbH<br \/>\n<span class=\"light\" style=\"color: #0d9490;\">Production &amp; development<\/span><\/a><\/h4>\n<\/div><\/section><br \/>\n<article  class='iconbox iconbox_left_content av-39qmj8-f8b5cde5b0b075bc0dae872cd41a328e  avia-builder-el-20  el_after_av_textblock  avia-builder-el-last '  itemscope=\"itemscope\" itemtype=\"https:\/\/schema.org\/CreativeWork\" ><a href='https:\/\/www.alfotec.com\/en\/company\/career\/metal-specialist-m-f-d\/' title='Metal specialist (m\/w\/d)' aria-label='Metal specialist (m\/w\/d)'  class='iconbox_icon heading-color avia-iconfont avia-font-entypo-fontello' data-av_icon='\ue80c' data-av_iconfont='entypo-fontello' title=\"Metal specialist (m\/w\/d)\" desc=\"Metal specialist (m\/w\/d)\" ><\/a><div class=\"iconbox_content\"><header class=\"entry-content-header\" aria-label=\"Icon: Metal specialist (m\/w\/d)\"><h3 class='iconbox_content_title '  itemprop=\"headline\" ><a href='https:\/\/www.alfotec.com\/en\/company\/career\/metal-specialist-m-f-d\/' title='Metal specialist (m\/w\/d)' >Metal specialist (m\/w\/d)<\/a><\/h3><\/header><div class='iconbox_content_container '  itemprop=\"text\" ><p>as of now on day shift<\/p>\n<\/div><\/div><footer class=\"entry-footer\"><\/footer><\/article><\/p><\/div>\n<style type=\"text\/css\" data-created_by=\"avia_inline_auto\" id=\"style-css-av-1yr6bb-d5de65e8b6d1fa3bfd52ea93490337a5\">\n.flex_column.av-1yr6bb-d5de65e8b6d1fa3bfd52ea93490337a5{\nborder-radius:0px 0px 0px 0px;\npadding:0px 0px 0px 0px;\n}\n<\/style>\n<div  class='flex_column av-1yr6bb-d5de65e8b6d1fa3bfd52ea93490337a5 av_one_half  avia-builder-el-21  el_after_av_one_half  avia-builder-el-last  standort-summary pl stellenangebote av-break-at-tablet flex_column_div av-zero-column-padding  column-top-margin'     ><p>\n<style type=\"text\/css\" data-created_by=\"avia_inline_auto\" id=\"style-css-av-k2x52m9s-5c5d662f1e0c5749f6199632725d7c90\">\n.avia-image-container.av-k2x52m9s-5c5d662f1e0c5749f6199632725d7c90 img.avia_image{\nbox-shadow:none;\n}\n.avia-image-container.av-k2x52m9s-5c5d662f1e0c5749f6199632725d7c90 .av-image-caption-overlay-center{\ncolor:#ffffff;\n}\n<\/style>\n<div  class='avia-image-container av-k2x52m9s-5c5d662f1e0c5749f6199632725d7c90 av-styling- av-img-linked avia-align-center  avia-builder-el-22  el_before_av_textblock  avia-builder-el-first '   itemprop=\"image\" itemscope=\"itemscope\" itemtype=\"https:\/\/schema.org\/ImageObject\" ><div class=\"avia-image-container-inner\"><div class=\"avia-image-overlay-wrap\"><a href=\"https:\/\/www.alfotec.com\/unternehmen\/alfotec-poland-sp-z-o-o\/\" class='avia_image '  aria-label='alfotec_werk_polen'><img decoding=\"async\" fetchpriority=\"high\" class='wp-image-1912 avia-img-lazy-loading-not-1912 avia_image ' src=\"https:\/\/www.alfotec.com\/wp-content\/uploads\/2019\/11\/alfotec_werk_polen.jpg\" alt='Alfotec Werk Polen' title='alfotec_werk_polen'  height=\"310\" width=\"750\"  itemprop=\"thumbnailUrl\" srcset=\"https:\/\/www.alfotec.com\/wp-content\/uploads\/2019\/11\/alfotec_werk_polen.jpg 750w, https:\/\/www.alfotec.com\/wp-content\/uploads\/2019\/11\/alfotec_werk_polen-300x124.jpg 300w, https:\/\/www.alfotec.com\/wp-content\/uploads\/2019\/11\/alfotec_werk_polen-705x291.jpg 705w\" sizes=\"(max-width: 750px) 100vw, 750px\" \/><\/a><\/div><\/div><\/div><br \/>\n<section  class='av_textblock_section av-k2x1zw3l-952dcf24c22d0e18414e745265e676d7 '   itemscope=\"itemscope\" itemtype=\"https:\/\/schema.org\/CreativeWork\" ><div class='avia_textblock'  itemprop=\"text\" ><h4><a href=\"\/en\/company\/alfotec-poland-sp-z-o-o\/\">ALFOTEC Poland Sp. z o.o.<br \/>\n<span class=\"light\" style=\"color: #0d9490;\">Production &amp; development<\/span><\/a><\/h4>\n<\/div><\/section><br \/>\n<section  class='av_textblock_section av-k7m1sfml-7e150271a7c2dc62bfb925961e389ff9 '   itemscope=\"itemscope\" itemtype=\"https:\/\/schema.org\/CreativeWork\" ><div class='avia_textblock'  itemprop=\"text\" ><p>Unfortunately all positions are currently filled. Please come back at a later date or send us an unsolicited application using the contact form.<\/p>\n<\/div><\/section><\/p><\/div><\/div><\/div><\/div><!-- close content main div --><\/div><\/div><div id='after_section_2'  class='main_color av_default_container_wrap container_wrap fullsize'  ><div class='container av-section-cont-open' ><div class='template-page content  av-content-full alpha units'><div class='post-entry post-entry-type-page post-entry-9790'><div class='entry-content-wrapper clearfix'><\/p>\n","protected":false},"excerpt":{"rendered":"","protected":false},"author":1,"featured_media":0,"parent":9785,"menu_order":62,"comment_status":"closed","ping_status":"closed","template":"","meta":{"_acf_changed":false,"footnotes":""},"class_list":["post-9790","page","type-page","status-publish","hentry"],"acf":[],"yoast_head":"<!-- This site is optimized with the Yoast SEO plugin v27.3 - https:\/\/yoast.com\/product\/yoast-seo-wordpress\/ -->\n<title>Career | ALFOTEC<\/title>\n<meta name=\"description\" content=\"Career - We are one of Europe&#039;s leading suppliers of durable conveying elements &amp; individual conveyor systems. You too can become part of our team.\" \/>\n<meta name=\"robots\" content=\"index, follow, max-snippet:-1, max-image-preview:large, max-video-preview:-1\" \/>\n<link rel=\"canonical\" href=\"https:\/\/www.alfotec.com\/en\/company\/career\/\" \/>\n<meta property=\"og:locale\" content=\"en_US\" \/>\n<meta property=\"og:type\" content=\"article\" \/>\n<meta property=\"og:title\" content=\"Career | ALFOTEC\" \/>\n<meta property=\"og:description\" content=\"Career - We are one of Europe&#039;s leading suppliers of durable conveying elements &amp; individual conveyor systems. You too can become part of our team.\" \/>\n<meta property=\"og:url\" content=\"https:\/\/www.alfotec.com\/en\/company\/career\/\" \/>\n<meta property=\"og:site_name\" content=\"ALFOTEC\" \/>\n<meta property=\"article:modified_time\" content=\"2020-05-20T12:44:08+00:00\" \/>\n<meta name=\"twitter:card\" content=\"summary_large_image\" \/>\n<meta name=\"twitter:label1\" content=\"Est. reading time\" \/>\n\t<meta name=\"twitter:data1\" content=\"10 minutes\" \/>\n<script type=\"application\/ld+json\" class=\"yoast-schema-graph\">{\"@context\":\"https:\\\/\\\/schema.org\",\"@graph\":[{\"@type\":\"WebPage\",\"@id\":\"https:\\\/\\\/www.alfotec.com\\\/en\\\/company\\\/career\\\/\",\"url\":\"https:\\\/\\\/www.alfotec.com\\\/en\\\/company\\\/career\\\/\",\"name\":\"Career | ALFOTEC\",\"isPartOf\":{\"@id\":\"\\\/#website\"},\"datePublished\":\"2019-11-15T09:33:28+00:00\",\"dateModified\":\"2020-05-20T12:44:08+00:00\",\"description\":\"Career - We are one of Europe's leading suppliers of durable conveying elements & individual conveyor systems. You too can become part of our team.\",\"breadcrumb\":{\"@id\":\"https:\\\/\\\/www.alfotec.com\\\/en\\\/company\\\/career\\\/#breadcrumb\"},\"inLanguage\":\"en-US\",\"potentialAction\":[{\"@type\":\"ReadAction\",\"target\":[\"https:\\\/\\\/www.alfotec.com\\\/en\\\/company\\\/career\\\/\"]}]},{\"@type\":\"BreadcrumbList\",\"@id\":\"https:\\\/\\\/www.alfotec.com\\\/en\\\/company\\\/career\\\/#breadcrumb\",\"itemListElement\":[{\"@type\":\"ListItem\",\"position\":1,\"name\":\"Startseite\",\"item\":\"https:\\\/\\\/www.alfotec.com\\\/en\\\/\"},{\"@type\":\"ListItem\",\"position\":2,\"name\":\"Company\",\"item\":\"https:\\\/\\\/www.alfotec.com\\\/en\\\/company\\\/\"},{\"@type\":\"ListItem\",\"position\":3,\"name\":\"Career\"}]},{\"@type\":\"WebSite\",\"@id\":\"\\\/#website\",\"url\":\"\\\/\",\"name\":\"ALFOTEC\",\"description\":\"F\u00f6rdertechnik, Hebetechnik, Hubtisch, Rollenbahn, Rollenf\u00f6rderer, Tragrollen, Bockrollen, Lenkrollen\",\"potentialAction\":[{\"@type\":\"SearchAction\",\"target\":{\"@type\":\"EntryPoint\",\"urlTemplate\":\"\\\/?s={search_term_string}\"},\"query-input\":{\"@type\":\"PropertyValueSpecification\",\"valueRequired\":true,\"valueName\":\"search_term_string\"}}],\"inLanguage\":\"en-US\"}]}<\/script>\n<!-- \/ Yoast SEO plugin. -->","yoast_head_json":{"title":"Career | ALFOTEC","description":"Career - We are one of Europe's leading suppliers of durable conveying elements & individual conveyor systems. You too can become part of our team.","robots":{"index":"index","follow":"follow","max-snippet":"max-snippet:-1","max-image-preview":"max-image-preview:large","max-video-preview":"max-video-preview:-1"},"canonical":"https:\/\/www.alfotec.com\/en\/company\/career\/","og_locale":"en_US","og_type":"article","og_title":"Career | ALFOTEC","og_description":"Career - We are one of Europe's leading suppliers of durable conveying elements & individual conveyor systems. You too can become part of our team.","og_url":"https:\/\/www.alfotec.com\/en\/company\/career\/","og_site_name":"ALFOTEC","article_modified_time":"2020-05-20T12:44:08+00:00","twitter_card":"summary_large_image","twitter_misc":{"Est. reading time":"10 minutes"},"schema":{"@context":"https:\/\/schema.org","@graph":[{"@type":"WebPage","@id":"https:\/\/www.alfotec.com\/en\/company\/career\/","url":"https:\/\/www.alfotec.com\/en\/company\/career\/","name":"Career | ALFOTEC","isPartOf":{"@id":"\/#website"},"datePublished":"2019-11-15T09:33:28+00:00","dateModified":"2020-05-20T12:44:08+00:00","description":"Career - We are one of Europe's leading suppliers of durable conveying elements & individual conveyor systems. You too can become part of our team.","breadcrumb":{"@id":"https:\/\/www.alfotec.com\/en\/company\/career\/#breadcrumb"},"inLanguage":"en-US","potentialAction":[{"@type":"ReadAction","target":["https:\/\/www.alfotec.com\/en\/company\/career\/"]}]},{"@type":"BreadcrumbList","@id":"https:\/\/www.alfotec.com\/en\/company\/career\/#breadcrumb","itemListElement":[{"@type":"ListItem","position":1,"name":"Startseite","item":"https:\/\/www.alfotec.com\/en\/"},{"@type":"ListItem","position":2,"name":"Company","item":"https:\/\/www.alfotec.com\/en\/company\/"},{"@type":"ListItem","position":3,"name":"Career"}]},{"@type":"WebSite","@id":"\/#website","url":"\/","name":"ALFOTEC","description":"F\u00f6rdertechnik, Hebetechnik, Hubtisch, Rollenbahn, Rollenf\u00f6rderer, Tragrollen, Bockrollen, Lenkrollen","potentialAction":[{"@type":"SearchAction","target":{"@type":"EntryPoint","urlTemplate":"\/?s={search_term_string}"},"query-input":{"@type":"PropertyValueSpecification","valueRequired":true,"valueName":"search_term_string"}}],"inLanguage":"en-US"}]}},"post_mailing_queue_ids":[],"_links":{"self":[{"href":"https:\/\/www.alfotec.com\/en\/wp-json\/wp\/v2\/pages\/9790","targetHints":{"allow":["GET"]}}],"collection":[{"href":"https:\/\/www.alfotec.com\/en\/wp-json\/wp\/v2\/pages"}],"about":[{"href":"https:\/\/www.alfotec.com\/en\/wp-json\/wp\/v2\/types\/page"}],"author":[{"embeddable":true,"href":"https:\/\/www.alfotec.com\/en\/wp-json\/wp\/v2\/users\/1"}],"replies":[{"embeddable":true,"href":"https:\/\/www.alfotec.com\/en\/wp-json\/wp\/v2\/comments?post=9790"}],"version-history":[{"count":8,"href":"https:\/\/www.alfotec.com\/en\/wp-json\/wp\/v2\/pages\/9790\/revisions"}],"predecessor-version":[{"id":12334,"href":"https:\/\/www.alfotec.com\/en\/wp-json\/wp\/v2\/pages\/9790\/revisions\/12334"}],"up":[{"embeddable":true,"href":"https:\/\/www.alfotec.com\/en\/wp-json\/wp\/v2\/pages\/9785"}],"wp:attachment":[{"href":"https:\/\/www.alfotec.com\/en\/wp-json\/wp\/v2\/media?parent=9790"}],"curies":[{"name":"wp","href":"https:\/\/api.w.org\/{rel}","templated":true}]}}